{"id":35,"date":"2017-04-21T14:32:45","date_gmt":"2017-04-21T14:32:45","guid":{"rendered":"http:\/\/charangadecuba.de\/?page_id=35"},"modified":"2026-02-12T12:37:33","modified_gmt":"2026-02-12T12:37:33","slug":"kontakt","status":"publish","type":"page","link":"http:\/\/charangadecuba.de\/en\/kontakt","title":{"rendered":"Contact"},"content":{"rendered":"<div id=\"main\" class=\"main col-md-6\" role=\"main\">\n<h2><strong>Charanga de Cuba<\/strong><\/h2>\n<h2><strong>Contact:<\/strong><\/h2>\n<p>&nbsp;<\/p>\n<h3>M\u00fchlenstra\u00dfe 12, 40213 D\u00fcsseldorf<\/h3>\n<p>&nbsp;<\/p>\n<h3>charangadecuba@outlook.com<\/h3>\n<p>&nbsp;<\/p>\n<h3>Monday-Tuesday:<br \/>\n18:00 &#8211; 00:00<\/h3>\n<h3>Wednesday-Saturday:<br \/>\n18:00 &#8211; Open End<\/h3>\n<h3>Sunday: Not always<\/h3>\n<\/div>\n<div class=\"contactformcase col-md-6\"><div role=\"form\" class=\"wpcf7\" id=\"wpcf7-f866-o3\" lang=\"de-DE\" dir=\"ltr\">\n<div class=\"screen-reader-response\"><\/div>\n<form action=\"\/en\/wp-json\/wp\/v2\/pages\/35#wpcf7-f866-o3\" method=\"post\" class=\"wpcf7-form\" novalidate=\"novalidate\">\n<div style=\"display: none;\">\n<input type=\"hidden\" name=\"_wpcf7\" value=\"866\" \/>\n<input type=\"hidden\" name=\"_wpcf7_version\" value=\"5.0.2\" \/>\n<input type=\"hidden\" name=\"_wpcf7_locale\" value=\"de_DE\" \/>\n<input type=\"hidden\" name=\"_wpcf7_unit_tag\" value=\"wpcf7-f866-o3\" \/>\n<input type=\"hidden\" name=\"_wpcf7_container_post\" value=\"0\" \/>\n<\/div>\n<p><label> Name (Pflichtfeld)<br \/>\n    <span class=\"wpcf7-form-control-wrap your-name\"><input type=\"text\" name=\"your-name\" value=\"\" size=\"40\" class=\"wpcf7-form-control wpcf7-text wpcf7-validates-as-required\" aria-required=\"true\" aria-invalid=\"false\" \/><\/span> <\/label><\/p>\n<p><label> E-Mail (Pflichtfeld)<br \/>\n    <span class=\"wpcf7-form-control-wrap your-email\"><input type=\"email\" name=\"your-email\" value=\"\" size=\"40\" class=\"wpcf7-form-control wpcf7-text wpcf7-email wpcf7-validates-as-required wpcf7-validates-as-email\" aria-required=\"true\" aria-invalid=\"false\" \/><\/span> <\/label><\/p>\n<p><label> Subject<br \/>\n    <span class=\"wpcf7-form-control-wrap your-subject\"><input type=\"text\" name=\"your-subject\" value=\"\" size=\"40\" class=\"wpcf7-form-control wpcf7-text\" aria-invalid=\"false\" \/><\/span> <\/label><\/p>\n<p><label> Message<br \/>\n    <span class=\"wpcf7-form-control-wrap your-message\"><textarea name=\"your-message\" cols=\"40\" rows=\"10\" class=\"wpcf7-form-control wpcf7-textarea\" aria-invalid=\"false\"><\/textarea><\/span> <\/label><\/p>\n<p><span class=\"wpcf7-form-control-wrap checkbox-281\"><span class=\"wpcf7-form-control wpcf7-checkbox wpcf7-validates-as-required\"><span class=\"wpcf7-list-item first last\"><input type=\"checkbox\" name=\"checkbox-281[]\" value=\"\" \/><span class=\"wpcf7-list-item-label\"><\/span><\/span><\/span><\/span> I hereby confirm the <a href=\"http:\/\/charangadecuba.de\/en\/impressum\" target=\"_blank\">privacy policy<\/a> and the <a href=\"http:\/\/charangadecuba.de\/privacy-cookies-policy\" target=\"_blank\">cookies policy<\/a> has read and accepted.<\/p>\n<p><input type=\"submit\" value=\"Send\" class=\"wpcf7-form-control wpcf7-submit\" \/><\/p>\n<div class=\"wpcf7-response-output wpcf7-display-none\"><\/div><\/form><\/div><\/div>","protected":false},"excerpt":{"rendered":"<p>Charanga de Cuba Contact: &nbsp; M\u00fchlenstra\u00dfe 12, 40213 D\u00fcsseldorf &nbsp; charangadecuba@outlook.com &nbsp; Monday-Tuesday: 18:00 &#8211; 00:00 Wednesday-Saturday: 18:00 &#8211; Open End Sunday: Not always<\/p>\n","protected":false},"author":1,"featured_media":0,"parent":0,"menu_order":0,"comment_status":"closed","ping_status":"closed","template":"page-contact.php","meta":[],"_links":{"self":[{"href":"http:\/\/charangadecuba.de\/en\/wp-json\/wp\/v2\/pages\/35"}],"collection":[{"href":"http:\/\/charangadecuba.de\/en\/wp-json\/wp\/v2\/pages"}],"about":[{"href":"http:\/\/charangadecuba.de\/en\/wp-json\/wp\/v2\/types\/page"}],"author":[{"embeddable":true,"href":"http:\/\/charangadecuba.de\/en\/wp-json\/wp\/v2\/users\/1"}],"replies":[{"embeddable":true,"href":"http:\/\/charangadecuba.de\/en\/wp-json\/wp\/v2\/comments?post=35"}],"version-history":[{"count":16,"href":"http:\/\/charangadecuba.de\/en\/wp-json\/wp\/v2\/pages\/35\/revisions"}],"predecessor-version":[{"id":1717,"href":"http:\/\/charangadecuba.de\/en\/wp-json\/wp\/v2\/pages\/35\/revisions\/1717"}],"wp:attachment":[{"href":"http:\/\/charangadecuba.de\/en\/wp-json\/wp\/v2\/media?parent=35"}],"curies":[{"name":"wp","href":"https:\/\/api.w.org\/{rel}","templated":true}]}}